{"id":3,"date":"2022-04-17T02:49:05","date_gmt":"2022-04-17T02:49:05","guid":{"rendered":"https:\/\/lasiestahotel.com\/?page_id=3"},"modified":"2025-08-04T12:59:34","modified_gmt":"2025-08-04T18:59:34","slug":"politica-privacidad","status":"publish","type":"page","link":"https:\/\/lasiestahotel.com\/es\/politica-privacidad\/","title":{"rendered":"Pol\u00edtica de privacidad"},"content":{"rendered":"<div data-elementor-type=\"wp-page\" data-elementor-id=\"3\" class=\"elementor elementor-3\">\n\t\t\t\t\t\t<section class=\"elementor-section elementor-top-section elementor-element elementor-element-37d096c1 elementor-section-boxed elementor-section-height-default elementor-section-height-default\" data-id=\"37d096c1\" data-element_type=\"section\" data-e-type=\"section\" data-settings=\"{&quot;hoteller_ext_is_background_parallax&quot;:&quot;false&quot;,&quot;hoteller_ext_is_background_on_scroll&quot;:&quot;false&quot;}\">\n\t\t\t\t\t\t<div class=\"elementor-container elementor-column-gap-default\">\n\t\t\t\t\t<div class=\"elementor-column elementor-col-100 elementor-top-column elementor-element elementor-element-67cdae91\" data-id=\"67cdae91\" data-element_type=\"column\" data-e-type=\"column\" data-settings=\"{&quot;hoteller_ext_link_sidemenu&quot;:&quot;false&quot;,&quot;hoteller_ext_link_fullmenu&quot;:&quot;false&quot;,&quot;hoteller_ext_is_scrollme&quot;:&quot;false&quot;,&quot;hoteller_ext_is_smoove&quot;:&quot;false&quot;,&quot;hoteller_ext_is_parallax_mouse&quot;:&quot;false&quot;,&quot;hoteller_ext_is_infinite&quot;:&quot;false&quot;,&quot;hoteller_ext_is_fadeout_animation&quot;:&quot;false&quot;}\">\n\t\t\t<div class=\"elementor-widget-wrap elementor-element-populated\">\n\t\t\t\t\t\t<div class=\"elementor-element elementor-element-5e3462 elementor-widget elementor-widget-text-editor\" data-id=\"5e3462\" data-element_type=\"widget\" data-e-type=\"widget\" data-settings=\"{&quot;hoteller_ext_link_sidemenu&quot;:&quot;false&quot;,&quot;hoteller_ext_link_fullmenu&quot;:&quot;false&quot;,&quot;hoteller_ext_is_scrollme&quot;:&quot;false&quot;,&quot;hoteller_ext_is_smoove&quot;:&quot;false&quot;,&quot;hoteller_ext_is_parallax_mouse&quot;:&quot;false&quot;,&quot;hoteller_ext_is_infinite&quot;:&quot;false&quot;,&quot;hoteller_ext_is_fadeout_animation&quot;:&quot;false&quot;}\" data-widget_type=\"text-editor.default\">\n\t\t\t\t<div class=\"elementor-widget-container\">\n\t\t\t\t\t\t\t\t\t<h5><strong>Aviso de privacidad para clientes<\/strong><\/h5><h5><br \/><strong>A. Identidad del Responsable<\/strong><\/h5><p><br \/>HOTEL SUITES LA SIESTA, en lo sucesivo, El Hotel, con domicilio en Josefa Ortiz de Dom\u00ednguez y Miramar, Col. Centro, C.P. 48300, Puerto Vallarta, Jalisco es una empresa que est\u00e1 comprometida en proteger su privacidad. Nuestro responsable de Protecci\u00f3n de Datos es el Departamento de Datos Personales y se ubica en el mismo domicilio, usted podr\u00e1 contactarlo en el correo electr\u00f3nico: reservaciones@lasiestahotel.com <br \/>Este Aviso de Privacidad corresponde a los siguientes sitios web pertenecientes al hotel: lasiestahotel.com y panoramarestaurant.mx<\/p><h5><br \/><strong>B. Datos Personales<\/strong><\/h5><p><br \/>Para los fines se\u00f1alados en el presente Aviso de Privacidad, El Hotel podr\u00e1 recabar sus datos personales de diversas formas: cuando la informaci\u00f3n es proporcionada directamente por usted; cuando visita los sitios de Internet de El Hotel; cuando utiliza los servicios ofrecidos por El Hotel en l\u00ednea y cuando obtenemos informaci\u00f3n a trav\u00e9s de otros medios distintos a los antes se\u00f1alados como correo electr\u00f3nico, llamada telef\u00f3nica, correo postal o cualquier otro medio siempre que est\u00e9n permitidos por las leyes aplicables.<br \/>Los datos personales obtenidos por los medios antes indicados, son:<\/p><p><strong>1. Datos de identificaci\u00f3n:<\/strong> nombre(s), apellido(s), domicilio, n\u00famero telef\u00f3nico de casa, celular y\/o trabajo, firma, correo electr\u00f3nico, g\u00e9nero, edad, identificaci\u00f3n oficial.<br \/><strong>2. Datos Financieros:<\/strong> nombre del tarjetahabiente, n\u00famero de tarjeta de cr\u00e9dito, fecha de expiraci\u00f3n (en caso de transacciones en l\u00ednea), c\u00f3digo de seguridad de la tarjeta.<br \/><strong>3. Datos de Facturaci\u00f3n:<\/strong> nombre o raz\u00f3n social, RFC, domicilio fiscal, correo electr\u00f3nico, n\u00famero de la cuenta de pago.<br \/><strong>4. Datos de Preferencias:<\/strong> Relacionados con la habitaci\u00f3n, servicios requeridos y\/o motivo y preferencias de viaje, forma de viaje.<\/p><h5><strong>C. Datos Personales Sensibles<\/strong><\/h5><p><br \/>Se consideran datos personales sensibles aquellos datos personales que afecten a la esfera m\u00e1s \u00edntima de su titular, o cuya utilizaci\u00f3n indebida pueda dar origen a discriminaci\u00f3n o conlleve un riesgo grave para \u00e9ste. En particular, se consideran sensibles aquellos que puedan revelar aspectos como origen racial o \u00e9tnico, estado de salud presente y futuro, informaci\u00f3n gen\u00e9tica, creencias religiosas, filos\u00f3ficas y morales, afiliaci\u00f3n sindical, opiniones pol\u00edticas, preferencias sexuales. En caso de hospedarse en nuestro hotel, los datos personales sensibles que le solicitaremos nos proporcione ser\u00e1n aquellos relativos a salud o capacidades diferentes, mismos que se utilizar\u00e1n \u00fanicamente para brindarle un mejor servicio y satisfacer sus necesidades espec\u00edficas.<\/p><h5><br \/><strong>D. Finalidad y Tratamiento de la Informaci\u00f3n Personal<\/strong><\/h5><p><br \/>Finalidades que dan origen a la relaci\u00f3n jur\u00eddica y son necesarias para la prestaci\u00f3n de servicio:<br \/>1. La informaci\u00f3n personal que nos proporciona ser\u00e1 utilizada por El Hotel para prestar los servicios que usted le solicita o que son parte de alg\u00fan programa al que se ha inscrito o de una compra que ha realizado: reservaciones, compra de paquetes vacacionales, afiliaci\u00f3n a nuestros programas de lealtad, organizaci\u00f3n de eventos y reuniones sociales, compra de productos y\/o servicios tur\u00edsticos.<\/p><p>2. El Hotel puede utilizar la informaci\u00f3n personal que nos proporciona para ofrecerle un mejor servicio y, en su caso, identificar sus preferencias durante su estancia y hacerla m\u00e1s placentera. Finalidades que no dan origen a la relaci\u00f3n jur\u00eddica ni son necesarias para la prestaci\u00f3n de servicio: 1. Asimismo, puede utilizar la informaci\u00f3n para ofrecerle promociones y productos tur\u00edsticos y comerciales, env\u00edo de promociones, servicios especiales, boletines informativos, encuestas, sorteos de premios y otros concursos en l\u00ednea.<\/p><h5><br \/><strong>E. Limitaci\u00f3n al Uso o Divulgaci\u00f3n de Informaci\u00f3n Personal<\/strong><\/h5><p><br \/>En cualquier momento usted puede manifestar su negativa al tratamiento de las finalidades que no dan origen a la relaci\u00f3n jur\u00eddica ni son necesarias para la prestaci\u00f3n del servicio, o bien, la revocaci\u00f3n del consentimiento que nos ha otorgado al tratamiento de sus datos personales, mediante una solicitud que deber\u00e1 ser presentada por escrito al Departamento de Datos Personales al siguiente domicilio: Josefa Ortiz de Dom\u00ednguez y Miramar, Col. Centro, C.P. 48300 Puerto Vallarta, Jalisco. de 9 a 14 horas de lunes a viernes o al correo electr\u00f3nico reservaciones@lasiestahotel.com Dicha solicitud deber\u00e1 contener cuando menos lo siguiente:<\/p><p>(i) Nombre del Titular de los Datos Personales; (ii) Correo electr\u00f3nico para recibir notificaciones; (iii) Documentos que acrediten su identidad o, en su caso, la representaci\u00f3n legal del titular; (iv) Descripci\u00f3n clara y precisa de los datos personales respecto de los que se busca ejercer el derecho y del derecho que se pretende ejercer. (v) Cualquier otro elemento o documento que facilite la localizaci\u00f3n de los datos personales. En caso de que la solicitud no satisfaga alguno de los requisitos se\u00f1alados anteriormente, el Departamento de Datos Personales podr\u00e1 requerirle dentro de los 7 d\u00edas a la recepci\u00f3n de la solicitud que aporte los elementos o documentos necesarios para dar tr\u00e1mite a la misma. Usted contar\u00e1 con 10 d\u00edas para atender el requerimiento, en caso de no dar respuesta en dicho plazo, se tendr\u00e1 por no presentada la solicitud correspondiente. Los plazos de atenci\u00f3n ser\u00e1n de m\u00e1ximo 20 d\u00edas contados desde la fecha en que se reciba la solicitud para comunicarle la determinaci\u00f3n adoptada, a efecto de que, si resulta procedente, haga efectiva la misma dentro de los 15 d\u00edas siguientes a la emisi\u00f3n de la respuesta. Con la finalidad de proteger su confidencialidad, El Hotel enviar\u00e1 la respuesta a su solicitud al correo electr\u00f3nico que haya proporcionado para tal fin y la conservar\u00e1 a disposici\u00f3n del solicitante en el domicilio se\u00f1alado en el p\u00e1rrafo anterior.<\/p><h5><strong>F. Del Ejercicio de los Derechos de Acceso, Rectificaci\u00f3n, Cancelaci\u00f3n y Oposici\u00f3n.<\/strong><\/h5><p><br \/>El acceso, rectificaci\u00f3n, cancelaci\u00f3n u oposici\u00f3n respecto a la informaci\u00f3n que proporcione a El Hotel se\u00f1alados en la Ley Federal de Protecci\u00f3n de Datos Personales en Posesi\u00f3n de los Particulares, lo podr\u00e1 hacer mediante entrega de la solicitud que dirija a El Hotel, en t\u00e9rminos de lo establecido en el inciso E. anterior, misma que se le responder\u00e1 en los t\u00e9rminos ah\u00ed se\u00f1alados.<\/p><h5><br \/><strong>G. Control y Seguridad de informaci\u00f3n personal.<\/strong><\/h5><p><br \/>El Hotel se compromete a tomar las medidas necesarias para proteger la informaci\u00f3n recopilada, utilizando tecnolog\u00edas de seguridad y procedimientos de control en el acceso, uso o divulgaci\u00f3n de su informaci\u00f3n personal sin autorizaci\u00f3n. Para transacciones en l\u00ednea, utilizamos tambi\u00e9n tecnolog\u00edas de seguridad que protegen la informaci\u00f3n personal que nos sea transmitida a trav\u00e9s de los diversos medios electr\u00f3nicos como puede ser el uso de un servidor seguro bajo el protocolo Secure Socket Layer (SSL). Sin embargo, ning\u00fan sistema de seguridad o de transmisi\u00f3n de datos del cual la empresa no tenga el control absoluto y\/o tenga dependencia con internet puede garantizar que sea totalmente seguro.<\/p><h5><br \/><strong>H. Medios electr\u00f3nicos y cookies.<\/strong><\/h5><p><br \/>En el supuesto de que usted utilice medios electr\u00f3nicos en relaci\u00f3n a sus datos personales se generar\u00e1n a efecto de proporcionarle un mejor servicio cookies. Los cookies son peque\u00f1as piezas de informaci\u00f3n que son enviadas por el sitio Web a su navegador. Los cookies se almacenan en el disco duro de su equipo y se utilizan para determinar sus preferencias cuando se conecta a los servicios de nuestros sitios, as\u00ed como para rastrear determinados comportamientos o actividades llevadas a cabo por usted dentro de nuestros sitios. En algunas secciones de nuestro sitio requerimos que el cliente tenga habilitados los cookies ya que algunas de las funcionalidades requieren de \u00e9stas para trabajar. Los cookies nos permiten: a) reconocerlo al momento de entrar a nuestros sitios y ofrecerle de una experiencia personalizada, b) conocer la configuraci\u00f3n personal del sitio especificada por usted, por ejemplo, los cookies nos pemiten detectar el ancho de banda que usted ha seleccionado al momento de ingresar al home page de nuestros sitios, de tal forma que sabemos qu\u00e9 tipo de informaci\u00f3n es aconsejable descargar, c) calcular el tama\u00f1o de nuestra audiencia y medir algunos par\u00e1metros de tr\u00e1fico, pues cada navegador que obtiene acceso a nuestros sitios adquiere un cookie que se usa para determinar la frecuencia de uso y las secciones de los sitios visitadas, reflejando as\u00ed sus h\u00e1bitos y preferencias, informaci\u00f3n que nos es \u00fatil para mejorar el contenido, los titulares y las promociones para los usuarios. Los cookies tambi\u00e9n nos ayudan a rastrear algunas actividades, por ejemplo, en algunas de las encuestas que lanzamos en l\u00ednea, podemos utilizar cookies para detectar si el usuario ya ha llenado la encuesta y evitar desplegarla nuevamente, en caso de que lo haya hecho. El bot\u00f3n de \u201cayuda\u201d que se encuentra en la barra de herramientas de la mayor\u00eda de los navegadores, le dir\u00e1 c\u00f3mo evitar aceptar nuevos cookies, c\u00f3mo hacer que el navegador le notifique cuando recibe un nuevo cookie o c\u00f3mo deshabilitar todos los cookies. Sin embargo, las cookies le permitir\u00e1n tomar ventaja de las caracter\u00edsticas m\u00e1s ben\u00e9ficas que le ofrecemos, por lo que le recomendamos que las deje activadas.<\/p><h5><br \/><strong>I. Cambios a esta declaraci\u00f3n de privacidad.<\/strong><\/h5><p><br \/>El Hotel podr\u00e1 en cualquier momento actualizar esta declaraci\u00f3n de privacidad. En el caso de que se produzcan cambios sustanciales a esta declaraci\u00f3n, lo comunicaremos a trav\u00e9s de las siguientes p\u00e1ginas de Internet: www.lasiestahotel.com y www.panoramarestaurant.mx Por lo anterior, le sugerimos visitar peri\u00f3dicamente esta Aviso de privacidad para estar actualizado si hay cambios.<\/p>\t\t\t\t\t\t\t\t<\/div>\n\t\t\t\t<\/div>\n\t\t\t\t\t<\/div>\n\t\t<\/div>\n\t\t\t\t\t<\/div>\n\t\t<\/section>\n\t\t\t\t<\/div>","protected":false},"excerpt":{"rendered":"<p>Aviso de privacidad para clientes A. Identidad del Responsable HOTEL SUITES LA SIESTA, en lo sucesivo, El Hotel, con domicilio en Josefa Ortiz de Dom\u00ednguez y Miramar, Col. Centro, C.P. 48300, Puerto Vallarta, Jalisco es una empresa que est\u00e1 comprometida [&hellip;]<\/p>\n","protected":false},"author":1,"featured_media":0,"parent":0,"menu_order":0,"comment_status":"closed","ping_status":"open","template":"","meta":{"_monsterinsights_skip_tracking":false,"_monsterinsights_sitenote_active":false,"_monsterinsights_sitenote_note":"","_monsterinsights_sitenote_category":0,"footnotes":""},"class_list":["post-3","page","type-page","status-publish","hentry"],"_links":{"self":[{"href":"https:\/\/lasiestahotel.com\/es\/wp-json\/wp\/v2\/pages\/3","targetHints":{"allow":["GET"]}}],"collection":[{"href":"https:\/\/lasiestahotel.com\/es\/wp-json\/wp\/v2\/pages"}],"about":[{"href":"https:\/\/lasiestahotel.com\/es\/wp-json\/wp\/v2\/types\/page"}],"author":[{"embeddable":true,"href":"https:\/\/lasiestahotel.com\/es\/wp-json\/wp\/v2\/users\/1"}],"replies":[{"embeddable":true,"href":"https:\/\/lasiestahotel.com\/es\/wp-json\/wp\/v2\/comments?post=3"}],"version-history":[{"count":33,"href":"https:\/\/lasiestahotel.com\/es\/wp-json\/wp\/v2\/pages\/3\/revisions"}],"predecessor-version":[{"id":7214,"href":"https:\/\/lasiestahotel.com\/es\/wp-json\/wp\/v2\/pages\/3\/revisions\/7214"}],"wp:attachment":[{"href":"https:\/\/lasiestahotel.com\/es\/wp-json\/wp\/v2\/media?parent=3"}],"curies":[{"name":"wp","href":"https:\/\/api.w.org\/{rel}","templated":true}]}}