{"id":711,"date":"2019-06-20T09:09:15","date_gmt":"2019-06-20T09:09:15","guid":{"rendered":"https:\/\/themes.themegoods.com\/hoteller\/sites\/?page_id=3"},"modified":"2022-08-08T15:11:33","modified_gmt":"2022-08-08T20:11:33","slug":"privacy-policy","status":"publish","type":"page","link":"https:\/\/lasiestahotel.com\/es\/privacy-policy\/","title":{"rendered":"Pol\u00edticas de Privacidad y Cookies"},"content":{"rendered":"<div data-elementor-type=\"wp-page\" data-elementor-id=\"711\" class=\"elementor elementor-711\">\n\t\t\t\t\t\t<section class=\"elementor-section elementor-top-section elementor-element elementor-element-210dd3a3 elementor-section-boxed elementor-section-height-default elementor-section-height-default\" data-id=\"210dd3a3\" data-element_type=\"section\" data-e-type=\"section\" data-settings=\"{&quot;hoteller_ext_is_background_parallax&quot;:&quot;false&quot;,&quot;hoteller_ext_is_background_on_scroll&quot;:&quot;false&quot;}\">\n\t\t\t\t\t\t<div class=\"elementor-container elementor-column-gap-default\">\n\t\t\t\t\t<div class=\"elementor-column elementor-col-100 elementor-top-column elementor-element elementor-element-cf336b\" data-id=\"cf336b\" data-element_type=\"column\" data-e-type=\"column\" data-settings=\"{&quot;hoteller_ext_link_sidemenu&quot;:&quot;false&quot;,&quot;hoteller_ext_link_fullmenu&quot;:&quot;false&quot;,&quot;hoteller_ext_is_scrollme&quot;:&quot;false&quot;,&quot;hoteller_ext_is_smoove&quot;:&quot;false&quot;,&quot;hoteller_ext_is_parallax_mouse&quot;:&quot;false&quot;,&quot;hoteller_ext_is_infinite&quot;:&quot;false&quot;,&quot;hoteller_ext_is_fadeout_animation&quot;:&quot;false&quot;}\">\n\t\t\t<div class=\"elementor-widget-wrap elementor-element-populated\">\n\t\t\t\t\t\t<div class=\"elementor-element elementor-element-6351f8f4 elementor-widget elementor-widget-text-editor\" data-id=\"6351f8f4\" data-element_type=\"widget\" data-e-type=\"widget\" data-settings=\"{&quot;hoteller_ext_link_sidemenu&quot;:&quot;false&quot;,&quot;hoteller_ext_link_fullmenu&quot;:&quot;false&quot;,&quot;hoteller_ext_is_scrollme&quot;:&quot;false&quot;,&quot;hoteller_ext_is_smoove&quot;:&quot;false&quot;,&quot;hoteller_ext_is_parallax_mouse&quot;:&quot;false&quot;,&quot;hoteller_ext_is_infinite&quot;:&quot;false&quot;,&quot;hoteller_ext_is_fadeout_animation&quot;:&quot;false&quot;}\" data-widget_type=\"text-editor.default\">\n\t\t\t\t<div class=\"elementor-widget-container\">\n\t\t\t\t\t\t\t\t\t<p><\/p>\n<h2 class=\"wp-block-heading\">Qu\u00e9 datos personales recopilamos y por qu\u00e9 los recopilamos<\/h2>\n<p><\/p>\n<p>Hotel Suites La Siesta, Puerto Vallarta recopila informaci\u00f3n de nuestros hu\u00e9spedes y visitantes de los sitios web con el fin de proporcionar una utilidad de nuestro sitio que satisfaga sus necesidades. La informaci\u00f3n se puede recopilar para:<\/p>\n<ul>\n<li>Completar reservas o solicitudes de informaci\u00f3n<\/li>\n<li>Compra productos o servicios<\/li>\n<li>Reg\u00edstrarse para los programas de membres\u00eda<\/li>\n<li>Enviar solicitudes de empleo<\/li>\n<li>Responder a las comunicaciones que le enviamos (por ejemplo, encuestas, ofertas promocionales o confirmaciones de reserva)<\/li>\n<li>Conocer tus preferencias personales<\/li>\n<li>Solicitudes completas o servicios en que ofrecemos asesoramiento<\/li>\n<li>Trabajar con terceros, incluida la recopilaci\u00f3n de informaci\u00f3n, el uso p\u00fablico de sitios web de eventos sociales, ayudarnos a comprender mejor sus intereses y brindar servicios m\u00e1s personalizados<\/li>\n<li>Utilice nuestras aplicaciones en sus dispositivos electr\u00f3nicos<\/li>\n<li>Para facilitar la transmisi\u00f3n de mensajes a un correo electr\u00f3nico de un amigo, si as\u00ed lo desea.<\/li>\n<\/ul>\n<p>La informaci\u00f3n personal que recopilamos puede incluir su nombre, direcci\u00f3n y direcciones de correo electr\u00f3nico personales y profesionales, n\u00fameros de tel\u00e9fono y n\u00fameros de fax, detalles de la tarjeta de cr\u00e9dito, fecha de nacimiento, sexo e informaci\u00f3n relacionada con su estilo de vida, como preferencias de habitaci\u00f3n, ocio actividades, nombres y edades de los ni\u00f1os y cualquier otra informaci\u00f3n necesaria que sea \u00fatil para cumplir con solicitudes especiales (por ejemplo, ciertas condiciones de salud requieren alojamiento en habitaciones especiales).<\/p>\n<p>Hotel Suites La Siesta, Puerto Vallarta tambi\u00e9n puede recopilar informaci\u00f3n que no se considera identificable personalmente, como su uso de nuestros sitios web, preferencias de comunicaci\u00f3n, h\u00e1bitos de viaje, datos integrados relacionados con sus alojamientos y respuestas a ofertas promocionales y encuestas.<\/p>\n<p>Tenga en cuenta que para una mejor protecci\u00f3n de su informaci\u00f3n, no debe incluir informaci\u00f3n relacionada con su tarjeta de cr\u00e9dito en sus comunicaciones electr\u00f3nicas a menos que lo solicite espec\u00edficamente para completar el proceso de una reserva o transacci\u00f3n en nuestros sitios web o marca en nuestro servicio al cliente. centros.<\/p>\n<h3 class=\"wp-block-heading\">Recolecci\u00f3n y uso<\/h3>\n<p><br \/>Hotel Suites La Siesta, Puerto Vallarta se compromete plenamente a brindar informaci\u00f3n respecto a la recolecci\u00f3n y uso de las personas que nos brindan las personas que visitan y utilizan nuestros sitios web, productos y servicios. No solicitamos informaci\u00f3n a menos que la necesitemos para un uso orientado. Algunas de las principales razones por las que recopilamos informaci\u00f3n incluyen:<\/p>\n<p>Proporcionar servicios como el procesamiento de una transacci\u00f3n (por ejemplo, reservas y respuesta a una solicitud de informaci\u00f3n). Enviarle comunicaciones de marketing relacionadas con los productos y servicios ofrecidos por Hotel Suites La Siesta, Puerto Vallarta, nuestros socios estrat\u00e9gicos y otros terceros de confianza.<\/p>\n<p>Realizar estudios de mercado a trav\u00e9s de encuestas para satisfacer mejor sus necesidades, mejorar la calidad de nuestros sitios web y su estancia en nuestros hoteles, y otras actividades de comunicaci\u00f3n, publicidad o promoci\u00f3n.<\/p>\n<p>Puede elegir no recibir correos electr\u00f3nicos comerciales o encuestas de Hotel Suites La Siesta, Puerto Vallarta en cualquier momento haciendo clic en el enlace incluido en la comunicaci\u00f3n o contact\u00e1ndonos directamente, as\u00ed como no recibir correos electr\u00f3nicos o encuestas de marketing directo o telemarketing. Siempre tiene la opci\u00f3n de no enviar su informaci\u00f3n o decidir qu\u00e9 comunicaciones desea de nosotros. Sin embargo, al hacerlo, ciertas transacciones podr\u00edan verse afectadas. Por ejemplo, no proporcionar un nombre impedir\u00e1 el procesamiento de reservas.<\/p>\n<h3>Procesamiento y divulgaci\u00f3n<\/h3>\n<p><br \/>En la mayor\u00eda de los casos, la informaci\u00f3n que proporciona se agrega a nuestra base de datos local o internacional. Como pr\u00e1ctica habitual, Hotel Suites La Siesta, Puerto Vallarta no vende, alquila ni da posesi\u00f3n f\u00edsica de su base de datos a terceros ajenos al sistema de Hotel Suites La Siesta, Puerto Vallarta. Hotel Suites La Siesta, Puerto Vallarta podr\u00e1 divulgar sus datos personales a otras personas en las situaciones que se detallan a continuaci\u00f3n:<\/p>\n<ul>\n<li>Contamos con su consentimiento.<\/li>\n<li>En situaciones en las que sea necesario dar su informaci\u00f3n personal para proporcionar productos o servicios que desee (por ejemplo, un paquete de vacaciones).<\/li>\n<li>Cuando las empresas o proveedores de servicios realicen actividades comerciales en nombre de Hotel Suites La Siesta, Puerto Vallarta (por ejemplo, procesamiento de tarjetas de cr\u00e9dito, servicio al cliente, administraci\u00f3n de estudios de mercado o servicios de gesti\u00f3n de base de datos requieran esta informaci\u00f3n). En caso de que Hotel Suites La Siesta, Puerto Vallarta se fusione o sea adquirida por otra empresa.<\/li>\n<li>Para cumplir con los requisitos y obligaciones legales o reglamentarias establecidas por la legislaci\u00f3n aplicable o como consecuencia de una orden judicial o citaci\u00f3n judicial.<\/li>\n<li>En emergencias como salvar vidas, preservar la salud o la propiedad de una persona.<\/li>\n<li>En caso de que Hotel Suites La Siesta, Puerto Vallarta comparta informaci\u00f3n como la mencionada anteriormente, tratar\u00e1 de limitar el alcance de los datos suministrados a lo necesario para llevar a cabo la funci\u00f3n espec\u00edfica. A menos que lo impida un proceso legal, requerimos que terceros protejan su informaci\u00f3n y cumplan con las leyes y reglamentos para la aplicaci\u00f3n de protecci\u00f3n de datos personales.<\/li>\n<\/ul>\n<h3>Consentimiento<\/h3>\n<p><br \/>Como parte de nuestro compromiso de mantenerlo informado, podemos enviarle cartas o correos electr\u00f3nicos, comunicarnos por tel\u00e9fono u otros medios para notificarle sobre nuevos productos y servicios de Hotel Suites La Siesta, Puerto Vallarta, junto con pr\u00f3ximas ofertas especiales de Hotel Suites La Siesta. , Puerto Vallarta, eventos, mejoras u otra informaci\u00f3n relevante que pueda ser de su inter\u00e9s. Tiene la opci\u00f3n de no aceptar la entrega de todas estas comunicaciones de Hotel Suites La Siesta, Puerto Vallarta, ya sea siguiendo las instrucciones incluidas en nuestros correos electr\u00f3nicos u otras comunicaciones o comunic\u00e1ndose directamente con Hotel Suites La Siesta, Puerto Vallarta.<\/p>\n<p>Nuestras intenciones son mantener informados a todos nuestros hu\u00e9spedes y visitantes y tambi\u00e9n permitirles aprovechar los beneficios que ofrece Hotel Suites La Siesta, Puerto Vallarta y sus socios estrat\u00e9gicos. Sin embargo, si reside fuera de los Estados Unidos, ciertas normas sobre protecci\u00f3n de datos pueden exigirnos que obtengamos su permiso para enviarle informaci\u00f3n que no ha solicitado.<\/p>\n<p>En algunos casos, su consentimiento puede estar impl\u00edcito en la naturaleza del servicio solicitado o la transacci\u00f3n realizada. A modo de ejemplo, Hotel Suites La Siesta, Puerto Vallarta puede recopilar y utilizar informaci\u00f3n que usted voluntariamente nos brinda, as\u00ed como datos de comportamiento o informaci\u00f3n recopilada a nivel mundial. Asimismo, se considerar\u00e1 que hemos prestado su consentimiento para recibir aquellas comunicaciones necesarias para completar las transacciones y prestar los servicios solicitados.<\/p>\n<p>En ciertos casos, solicitaremos su consentimiento expl\u00edcito para recopilar informaci\u00f3n considerada confidencial sujeta a ciertas leyes de privacidad de la informaci\u00f3n (por ejemplo, informaci\u00f3n que revele origen racial o \u00e9tnico, opiniones pol\u00edticas o condiciones de salud).<\/p>\n<p>Usted puede oponerse a que Hotel Suites La Siesta, Puerto Vallarta divulgue su informaci\u00f3n a terceros excepto cuando:<\/p>\n<ul>\n<li>Proveedores de servicios contratados para dar servicios en nombre de Hotel Suites La Siesta, Puerto Vallarta<\/li>\n<li>La ley busca la divulgaci\u00f3n<\/li>\n<li>La divulgaci\u00f3n de datos es necesaria por razones de inter\u00e9s p\u00fablico o legislaci\u00f3n nacional<\/li>\n<li>La divulgaci\u00f3n es necesaria para proteger los intereses vitales del hu\u00e9sped.<\/li>\n<li>La informaci\u00f3n se recopila de fuentes disponibles p\u00fablicamente.<\/li>\n<li>La divulgaci\u00f3n es para el procesamiento retrospectivo de informaci\u00f3n con fines estad\u00edsticos o hist\u00f3ricos o para mejorar las experiencias de nuestros clientes.<\/li>\n<li>Cuando una autoridad de control (como defensora de los derechos de privacidad, autoridad de protecci\u00f3n de datos o autoridad similar) permita dicha divulgaci\u00f3n.<\/li>\n<\/ul>\n<h3>Acceso a informaci\u00f3n de identificaci\u00f3n personal<\/h3>\n<p><br \/>Para garantizar que su informaci\u00f3n sea precisa y est\u00e9 actualizada, lo alentamos a que revise y actualice peri\u00f3dicamente dicha informaci\u00f3n seg\u00fan corresponda (por ejemplo, en el caso de un cambio de domicilio o direcci\u00f3n de correo electr\u00f3nico o si desea agregar otros sistemas de comunicaci\u00f3n para que podamos contactarte). En un esfuerzo por evitar la divulgaci\u00f3n no autorizada de su informaci\u00f3n, es posible que se le solicite que proporcione una prueba de su identidad (u otra prueba) junto con el formulario de solicitud debidamente completado.<\/p>\n<p>Ocasionalmente, es posible que la informaci\u00f3n que ha solicitado que se elimine se conserve en ciertos archivos durante un per\u00edodo de tiempo para resolver cualquier disputa adecuadamente o resolver un problema. Adem\u00e1s, cierta informaci\u00f3n puede conservarse indefinidamente en las copias de 'copia de seguridad' o en los archivos de registro debido a restricciones t\u00e9cnicas o requisitos financieros o legales.<\/p>\n<p>Por lo tanto, no siempre puede esperar eliminar por completo toda su informaci\u00f3n de nuestra base de datos de acuerdo con su solicitud referida a la informaci\u00f3n de contacto correspondiente que se detalla a continuaci\u00f3n para comunicarse con nosotros si desea actualizar sus preferencias de comunicaci\u00f3n, ser eliminado de nuestra lista de marketing o enviar una pregunta o petici\u00f3n general.<\/p>\n<h3>Medidas de seguridad<\/h3>\n<p><br \/>Hotel Suites La Siesta, Puerto Vallarta reconoce la importancia de la seguridad de la informaci\u00f3n y est\u00e1 constantemente revisando y mejorando los est\u00e1ndares y procedimientos de seguridad t\u00e9cnica, f\u00edsica y l\u00f3gica. Todos los sitios web y servidores propiedad de Hotel Suites La Siesta, Puerto Vallarta implementaron medidas de seguridad para ayudar a proteger sus datos contra accidentes, p\u00e9rdidas, uso indebido, acceso no autorizado o ilegal, divulgaci\u00f3n o alteraci\u00f3n mientras est\u00e9n bajo nuestro control. Si bien no existe una \u201cseguridad garantizada\u201d dentro o fuera de Internet, protegemos su informaci\u00f3n utilizando medidas de seguridad t\u00e9cnicas, administrativas y de procedimiento adecuadas, entre las que se encuentran controles de contrase\u00f1a, \u201ccortafuegos\u201d (y el uso de cifrado de hasta 256 bits basado en un Certificado digital de clase 3 emitido por VeriSign, Inc. Esto nos permite usar Secure Sockets Layer (SSL), un m\u00e9todo de encriptaci\u00f3n utilizado para ayudar a proteger sus datos de la intercepci\u00f3n y los intentos de pirater\u00eda mientras est\u00e1n en tr\u00e1nsito).<\/p>\n<h3>Tecnolog\u00edas en l\u00ednea<\/h3>\n<p><br \/>Hotel Suites La Siesta, Puerto Vallarta y sus socios comerciales pueden utilizar cookies, web beacons (balizas web) para obtener informaci\u00f3n sobre usted mientras visita nuestros sitios web. Una 'cookie' es un peque\u00f1o archivo de texto enviado a su navegador desde un servidor web y almacenado en el disco duro de su computadora. Las cookies que Hotel Suites La Siesta, Puerto Vallarta asigna un identificador \u00fanico a la computadora, a su vez, se convierte en su tarjeta de identificaci\u00f3n cada vez que visita un sitio web de Hotel Suites La Siesta, Puerto Vallarta.<\/p>\n<p>Las cookies se dise\u00f1aron para ahorrarle tiempo porque nos ayudan a brindar un servicio personalizado sin tener que recordarnos su preferencia de tiempo de b\u00fasqueda cuando visita nuestro sitio web. Las cookies de Hotel Suites La Siesta, Puerto Vallarta no est\u00e1n dise\u00f1adas para da\u00f1ar sus archivos o leer la informaci\u00f3n que almacen\u00f3 en el disco duro de su computadora.<\/p>\n<p>Las cookies tambi\u00e9n pueden ayudarnos a brindarle un servicio en l\u00ednea personalizado de las siguientes maneras:<\/p>\n<ul>\n<li>Recuerde su nombre de usuario y contrase\u00f1a para futuras visitas de forma m\u00e1s f\u00e1cil y r\u00e1pida iniciando sesi\u00f3n.<\/li>\n<li>Aseg\u00farese de tener los marcos y el contenido adecuados.<\/li>\n<li>Aseg\u00farese de recibir toda la informaci\u00f3n solicitada.<\/li>\n<li>Ay\u00fadenos a proporcionar comunicaciones que sean relevantes y relacionadas con sus intereses y su ubicaci\u00f3n.<\/li>\n<\/ul>\n<p>Las cookies de Hotel Suites La Siesta, Puerto Vallarta se limitan \u00fanicamente a nuestros sitios Web y no est\u00e1n dise\u00f1adas para seguir mientras navega por Internet una vez que haya abandonado los sitios web pertenecientes a Hotel Suites La Siesta, Puerto Vallarta. Realizamos un seguimiento del uso de nuestros sitios web para satisfacer sus necesidades y la mejor manera de ayudarlo en el futuro, para que pueda encontrar informaci\u00f3n m\u00e1s f\u00e1cilmente. Tenga en cuenta que adem\u00e1s de las \u201ccookies\u201d de Hotel Suites La Siesta, Puerto Vallarta, es posible que terceros coloquen cookies en el disco duro de su computadora. Hotel Suites La Siesta, Puerto Vallarta no se responsabiliza de la presencia o ausencia de \u201ccookies\u201d de terceros ni de las caracter\u00edsticas o pr\u00e1cticas tecnol\u00f3gicas que puedan utilizar estos terceros en cuanto a sus cookies.<\/p>\n<p>Si prefiere no disfrutar de los beneficios que ofrecen las \u201ccookies\u201d, puede configurar su navegador de Internet para que pruebe estas cookies de diferentes formas. Dependiendo del tipo de navegador que utilice, puede configurar su navegador para que:<\/p>\n<ul>\n<li>Se le solicitar\u00e1 que acepte o rechace las cookies individualmente o<\/li>\n<li>Evite aceptar cualquier cookie. Debe consultar al proveedor o fabricante de su navegador web para obtener detalles espec\u00edficos sobre las cookies relacionadas con la seguridad. Sin embargo, tambi\u00e9n debe considerar que rechazar las cookies puede impedir la realizaci\u00f3n de ciertas transacciones en nuestros sitios web y nuestra capacidad de reconocer su navegador de una visita a la siguiente.<\/li>\n<\/ul>\n<p>Adem\u00e1s, Hotel Suites La Siesta, Puerto Vallarta utiliza marcadores web para contar la cantidad de personas que visitan ciertos sitios web. La informaci\u00f3n que recopilamos se utiliza con estos marcadores en general y no contiene ning\u00fan dato personal. Hotel Suites La Siesta, Puerto Vallarta puede utilizar esta informaci\u00f3n para mejorar los programas y contenidos de marketing.<\/p>\n<p>Tambi\u00e9n trabajamos con proveedores y socios de marketing que nos ayudan a enviar publicidad personalizada y producir contenido que creemos que le interesar\u00e1. Estos proveedores y otros socios incluyen anunciantes, agencias de publicidad, redes publicitarias, especialistas en segmentaci\u00f3n de mercado e intercambio de datos, proveedores de an\u00e1lisis y otros proveedores similares. Estos socios y proveedores pueden usar cookies y marcadores web para recopilar informaci\u00f3n sobre su actividad en l\u00ednea (por ejemplo, sitios y p\u00e1ginas que ha visitado en Hotel Suites La Siesta, sitios de Puerto Vallarta y otros sitios) para ayudar a Hotel Suites La Siesta, Puerto Vallarta (y, en algunos casos, anunciantes externos) para enviar un contenido personalizado o publicidad mientras se encuentra en el sitio de Hotel Suites La Siesta, Puerto Vallarta u otros sitios.<\/p>\n<p>Por ejemplo, si visita un sitio de Hotel Suites La Siesta, Puerto Vallarta y ve uno de nuestros hoteles o reserva una habitaci\u00f3n de hotel, es posible que vea un anuncio m\u00e1s adelante cuando visite nuestro otro sitio web. Tambi\u00e9n puede solicitarle a cualquiera de estos proveedores que env\u00ede nuestra publicidad a consumidores cuyos patrones de comportamiento en l\u00ednea en sitios que no sean Hotel Suites La Siesta, Puerto Vallarta indiquen qui\u00e9n podr\u00eda estar interesado en viajar. En otros casos, hacemos arreglos especiales con ciertos anunciantes que creemos que pueden ser de inter\u00e9s para los visitantes de nuestro sitio web. Estos anunciantes pueden enviar mensajes a las dos marcas (por ejemplo, Hotel Suites La Siesta, Puerto Vallarta y el anunciante de la marca) directamente a los consumidores que han visitado nuestras p\u00e1ginas web.<\/p>\n<h3>Enlaces a otros sitios web<\/h3>\n<p><br \/>Con el fin de anticiparnos a sus necesidades, Hotel Suites La Siesta, Puerto Vallarta ofrece enlaces a otros sitios web e informaci\u00f3n para su beneficio. Hotel Suites La Siesta, Puerto Vallarta no se responsabiliza por el contenido que facilite o se incluya en cualquier sitio web independiente, incluyendo, sin limitaci\u00f3n, cualquier reclamo publicitario o pr\u00e1cticas comerciales. Si bien Hotel Suites La Siesta, Puerto Vallarta proteger\u00e1 la informaci\u00f3n que se encuentra en los sitios web que posee y opera, no podemos controlar ni asumir ninguna responsabilidad por las pr\u00e1cticas de privacidad de los sitios web de terceros, incluidos los sitios web que pertenecen o est\u00e1n controlados por franquiciados independientes y otros propietarios de hoteles, resorts, propiedades de tiempo compartido o residenciales que puedan usar el nombre de una marca de Hotel Suites La Siesta, Puerto Vallarta o sitios web no controlados y autorizados por Hotel Suites La Siesta, Puerto Vallarta. Los sitios web de terceros a los que se accede a trav\u00e9s de enlaces en nuestros sitios web cuentan con pr\u00e1cticas de privacidad y recopilaci\u00f3n de datos, as\u00ed como con diversas medidas de seguridad. No asumimos ninguna responsabilidad por las pr\u00e1cticas, pol\u00edticas y medidas de seguridad implementadas por terceros en sus sitios web.<\/p>\n<p>Lo alentamos a contactarlos y preguntarles sobre sus pr\u00e1cticas de privacidad, pol\u00edticas y medidas de seguridad antes de divulgar cualquier informaci\u00f3n. Le recomendamos que revise las pol\u00edticas y declaraciones de privacidad relevantes para los sitios web relacionados para comprender c\u00f3mo esos sitios recopilan, manipulan y almacenan informaci\u00f3n.<\/p>\n<h3>Menores<\/h3>\n<p><br \/>Hotel Suites La Siesta, Puerto Vallarta does not seek or wish to receive information directly from minors. However, we cannot always determine the age of persons who access and use our websites. In the event that a minor (defined according to the criteria established by applicable law) provides us with your data without the consent of their parents or guardians, we ask the parent or guardian to contact us and ask us to delete this information and unsubscribe by the minor regarding future commercial communications from Hotel Suites La Siesta, Puerto Vallarta.<\/p>\n<h3>Cookies<\/h3>\n<p class=\" translation-block\">Las cookies son utilizadas por Hotel Suites La Siesta, Puerto Vallarta para evaluar las visitas al sitio web con el fin de mejorar la experiencia ofrecida. En t\u00e9rminos t\u00e9cnicos, las cookies son un paquete de datos que se env\u00eda entre el servidor de Internet y el navegador para identificar al usuario y evaluar su acceso al sitio web. El peque\u00f1o archivo de 'cookie' se transfiere a su computadora cuando visita el sitio web. Cualquier cookie transferida solo contiene la informaci\u00f3n que Hotel Suites La Siesta, Puerto Vallarta env\u00eda a su computadora. Aunque las cookies nos ayudan a identificar su computadora, no se pueden leer datos privados con las cookies. Si desea desactivar la funci\u00f3n de cookies, puede hacerlo cambiando la configuraci\u00f3n de su navegador. Sin embargo, al desactivar las cookies, su experiencia en el sitio web puede verse afectada, ya que es posible que no pueda ver todas las funciones correctamente o acceder a algunas funciones.\n<br>Al utilizar nuestro sitio web, acepta nuestro uso de cookies<\/p>\n<h3>Cont\u00e1ctenos<\/h3>\n<p><br \/>Actualice sus preferencias de comunicaci\u00f3n.<br \/>Para preguntas o sugerencias con respecto a nuestras pr\u00e1cticas de privacidad de la informaci\u00f3n relacionada con esta Declaraci\u00f3n de Privacidad, o si desea actualizar, modificar o cancelar las comunicaciones de mercadeo de Hotel Suites La Siesta, Puerto Vallarta, puede contactarnos por cualquiera de las formas que se detallan a continuaci\u00f3n:<\/p>\n<p>Por correo electr\u00f3nico<br \/><a href=\"https:\/\/lasiestahotel.com\/contact\/\">Formulario de contacto<\/a><\/p>\n<p>Por tel\u00e9fono:<br \/>+52 <a href=\"tel:013222221818\">(322) 22 21818<\/a><\/p>\n<p><\/p>\t\t\t\t\t\t\t\t<\/div>\n\t\t\t\t<\/div>\n\t\t\t\t\t<\/div>\n\t\t<\/div>\n\t\t\t\t\t<\/div>\n\t\t<\/section>\n\t\t\t\t<\/div>","protected":false},"excerpt":{"rendered":"<p>What personal data we collect and why we collect it Hotel Suites La Siesta, Puerto Vallarta collects information from our guests and visitors to websites in order to provide an utility of our site that meets your needs. Information may [&hellip;]<\/p>\n","protected":false},"author":1,"featured_media":0,"parent":0,"menu_order":0,"comment_status":"closed","ping_status":"open","template":"","meta":{"_monsterinsights_skip_tracking":false,"_monsterinsights_sitenote_active":false,"_monsterinsights_sitenote_note":"","_monsterinsights_sitenote_category":0,"footnotes":""},"class_list":["post-711","page","type-page","status-publish","hentry"],"_links":{"self":[{"href":"https:\/\/lasiestahotel.com\/es\/wp-json\/wp\/v2\/pages\/711","targetHints":{"allow":["GET"]}}],"collection":[{"href":"https:\/\/lasiestahotel.com\/es\/wp-json\/wp\/v2\/pages"}],"about":[{"href":"https:\/\/lasiestahotel.com\/es\/wp-json\/wp\/v2\/types\/page"}],"author":[{"embeddable":true,"href":"https:\/\/lasiestahotel.com\/es\/wp-json\/wp\/v2\/users\/1"}],"replies":[{"embeddable":true,"href":"https:\/\/lasiestahotel.com\/es\/wp-json\/wp\/v2\/comments?post=711"}],"version-history":[{"count":37,"href":"https:\/\/lasiestahotel.com\/es\/wp-json\/wp\/v2\/pages\/711\/revisions"}],"predecessor-version":[{"id":2304,"href":"https:\/\/lasiestahotel.com\/es\/wp-json\/wp\/v2\/pages\/711\/revisions\/2304"}],"wp:attachment":[{"href":"https:\/\/lasiestahotel.com\/es\/wp-json\/wp\/v2\/media?parent=711"}],"curies":[{"name":"wp","href":"https:\/\/api.w.org\/{rel}","templated":true}]}}